{"id":1739,"date":"2023-05-08T11:18:49","date_gmt":"2023-05-08T11:18:49","guid":{"rendered":"http:\/\/dynamicconveyorsolutions.local\/secteurs\/voedingsindustrie\/"},"modified":"2026-01-19T16:17:39","modified_gmt":"2026-01-19T16:17:39","slug":"industrie-alimentaire","status":"publish","type":"page","link":"https:\/\/easy-systems.eu\/fr\/secteurs\/industrie-alimentaire\/","title":{"rendered":"Industrie alimentaire"},"content":{"rendered":"","protected":false},"excerpt":{"rendered":"","protected":false},"author":2,"featured_media":0,"parent":1719,"menu_order":0,"comment_status":"closed","ping_status":"closed","template":"page-sectoren.php","meta":{"_acf_changed":false,"footnotes":""},"product_type":[],"sector":[163],"class_list":["post-1739","page","type-page","status-publish","hentry","sector-industrie-alimentaire"],"acf":[],"yoast_head":"<!-- This site is optimized with the Yoast SEO plugin v27.3 - https:\/\/yoast.com\/product\/yoast-seo-wordpress\/ -->\n<title>Industrie alimentaire - Easy Systems \u2013 a BOA Concept company<\/title>\n<meta name=\"description\" content=\"Les solutions intralogistiques dans l&#039;industrie alimentaire requi\u00e8rent un haut niveau d&#039;expertise. Easy Systems est l\u00e0 o\u00f9 vous devez \u00eatre. D\u00e9couvrez notre gamme !\" \/>\n<meta name=\"robots\" content=\"index, follow, max-snippet:-1, max-image-preview:large, max-video-preview:-1\" \/>\n<link rel=\"canonical\" href=\"https:\/\/easy-systems.eu\/fr\/secteurs\/industrie-alimentaire\/\" \/>\n<meta property=\"og:locale\" content=\"fr_FR\" \/>\n<meta property=\"og:type\" content=\"article\" \/>\n<meta property=\"og:title\" content=\"Industrie alimentaire - Easy Systems \u2013 a BOA Concept company\" \/>\n<meta property=\"og:description\" content=\"Les solutions intralogistiques dans l&#039;industrie alimentaire requi\u00e8rent un haut niveau d&#039;expertise. Easy Systems est l\u00e0 o\u00f9 vous devez \u00eatre. D\u00e9couvrez notre gamme !\" \/>\n<meta property=\"og:url\" content=\"https:\/\/easy-systems.eu\/fr\/secteurs\/industrie-alimentaire\/\" \/>\n<meta property=\"og:site_name\" content=\"Easy Systems \u2013 a BOA Concept company\" \/>\n<meta property=\"article:modified_time\" content=\"2026-01-19T16:17:39+00:00\" \/>\n<meta name=\"twitter:card\" content=\"summary_large_image\" \/>\n<meta name=\"twitter:label1\" content=\"Est. reading time\" \/>\n\t<meta name=\"twitter:data1\" content=\"5 minutes\" \/>\n<script type=\"application\/ld+json\" class=\"yoast-schema-graph\">{\"@context\":\"https:\\\/\\\/schema.org\",\"@graph\":[{\"@type\":\"WebPage\",\"@id\":\"https:\\\/\\\/easy-systems.eu\\\/fr\\\/secteurs\\\/industrie-alimentaire\\\/\",\"url\":\"https:\\\/\\\/easy-systems.eu\\\/fr\\\/secteurs\\\/industrie-alimentaire\\\/\",\"name\":\"Industrie alimentaire - Easy Systems \u2013 a BOA Concept company\",\"isPartOf\":{\"@id\":\"https:\\\/\\\/easy-systems.eu\\\/fr\\\/#website\"},\"datePublished\":\"2023-05-08T11:18:49+00:00\",\"dateModified\":\"2026-01-19T16:17:39+00:00\",\"description\":\"Les solutions intralogistiques dans l'industrie alimentaire requi\u00e8rent un haut niveau d'expertise. Easy Systems est l\u00e0 o\u00f9 vous devez \u00eatre. D\u00e9couvrez notre gamme !\",\"breadcrumb\":{\"@id\":\"https:\\\/\\\/easy-systems.eu\\\/fr\\\/secteurs\\\/industrie-alimentaire\\\/#breadcrumb\"},\"inLanguage\":\"fr-FR\",\"potentialAction\":[{\"@type\":\"ReadAction\",\"target\":[\"https:\\\/\\\/easy-systems.eu\\\/fr\\\/secteurs\\\/industrie-alimentaire\\\/\"]}]},{\"@type\":\"BreadcrumbList\",\"@id\":\"https:\\\/\\\/easy-systems.eu\\\/fr\\\/secteurs\\\/industrie-alimentaire\\\/#breadcrumb\",\"itemListElement\":[{\"@type\":\"ListItem\",\"position\":1,\"name\":\"Home\",\"item\":\"https:\\\/\\\/easy-systems.eu\\\/fr\\\/\"},{\"@type\":\"ListItem\",\"position\":2,\"name\":\"Secteurs\"},{\"@type\":\"ListItem\",\"position\":3,\"name\":\"Industrie alimentaire\"}]},{\"@type\":\"WebSite\",\"@id\":\"https:\\\/\\\/easy-systems.eu\\\/fr\\\/#website\",\"url\":\"https:\\\/\\\/easy-systems.eu\\\/fr\\\/\",\"name\":\"Easy Systems \u2013 a BOA Concept company\",\"description\":\"Les flux logistiques et de production sont complexes. Les goulots d&#039;\u00e9tranglement co\u00fbtent du temps, de l&#039;argent et de l&#039;efficacit\u00e9.\",\"publisher\":{\"@id\":\"https:\\\/\\\/easy-systems.eu\\\/fr\\\/#organization\"},\"potentialAction\":[{\"@type\":\"SearchAction\",\"target\":{\"@type\":\"EntryPoint\",\"urlTemplate\":\"https:\\\/\\\/easy-systems.eu\\\/fr\\\/?s={search_term_string}\"},\"query-input\":{\"@type\":\"PropertyValueSpecification\",\"valueRequired\":true,\"valueName\":\"search_term_string\"}}],\"inLanguage\":\"fr-FR\"},{\"@type\":\"Organization\",\"@id\":\"https:\\\/\\\/easy-systems.eu\\\/fr\\\/#organization\",\"name\":\"Easy Systems \u2013 a BOA Concept company\",\"url\":\"https:\\\/\\\/easy-systems.eu\\\/fr\\\/\",\"logo\":{\"@type\":\"ImageObject\",\"inLanguage\":\"fr-FR\",\"@id\":\"https:\\\/\\\/easy-systems.eu\\\/fr\\\/#\\\/schema\\\/logo\\\/image\\\/\",\"url\":\"https:\\\/\\\/easy-systems.eu\\\/wp-content\\\/uploads\\\/2023\\\/05\\\/logo.svg\",\"contentUrl\":\"https:\\\/\\\/easy-systems.eu\\\/wp-content\\\/uploads\\\/2023\\\/05\\\/logo.svg\",\"width\":1,\"height\":1,\"caption\":\"Easy Systems \u2013 a BOA Concept company\"},\"image\":{\"@id\":\"https:\\\/\\\/easy-systems.eu\\\/fr\\\/#\\\/schema\\\/logo\\\/image\\\/\"}}]}<\/script>\n<!-- \/ Yoast SEO plugin. -->","yoast_head_json":{"title":"Industrie alimentaire - Easy Systems \u2013 a BOA Concept company","description":"Les solutions intralogistiques dans l'industrie alimentaire requi\u00e8rent un haut niveau d'expertise. Easy Systems est l\u00e0 o\u00f9 vous devez \u00eatre. D\u00e9couvrez notre gamme !","robots":{"index":"index","follow":"follow","max-snippet":"max-snippet:-1","max-image-preview":"max-image-preview:large","max-video-preview":"max-video-preview:-1"},"canonical":"https:\/\/easy-systems.eu\/fr\/secteurs\/industrie-alimentaire\/","og_locale":"fr_FR","og_type":"article","og_title":"Industrie alimentaire - Easy Systems \u2013 a BOA Concept company","og_description":"Les solutions intralogistiques dans l'industrie alimentaire requi\u00e8rent un haut niveau d'expertise. Easy Systems est l\u00e0 o\u00f9 vous devez \u00eatre. D\u00e9couvrez notre gamme !","og_url":"https:\/\/easy-systems.eu\/fr\/secteurs\/industrie-alimentaire\/","og_site_name":"Easy Systems \u2013 a BOA Concept company","article_modified_time":"2026-01-19T16:17:39+00:00","twitter_card":"summary_large_image","twitter_misc":{"Est. reading time":"5 minutes"},"schema":{"@context":"https:\/\/schema.org","@graph":[{"@type":"WebPage","@id":"https:\/\/easy-systems.eu\/fr\/secteurs\/industrie-alimentaire\/","url":"https:\/\/easy-systems.eu\/fr\/secteurs\/industrie-alimentaire\/","name":"Industrie alimentaire - Easy Systems \u2013 a BOA Concept company","isPartOf":{"@id":"https:\/\/easy-systems.eu\/fr\/#website"},"datePublished":"2023-05-08T11:18:49+00:00","dateModified":"2026-01-19T16:17:39+00:00","description":"Les solutions intralogistiques dans l'industrie alimentaire requi\u00e8rent un haut niveau d'expertise. Easy Systems est l\u00e0 o\u00f9 vous devez \u00eatre. D\u00e9couvrez notre gamme !","breadcrumb":{"@id":"https:\/\/easy-systems.eu\/fr\/secteurs\/industrie-alimentaire\/#breadcrumb"},"inLanguage":"fr-FR","potentialAction":[{"@type":"ReadAction","target":["https:\/\/easy-systems.eu\/fr\/secteurs\/industrie-alimentaire\/"]}]},{"@type":"BreadcrumbList","@id":"https:\/\/easy-systems.eu\/fr\/secteurs\/industrie-alimentaire\/#breadcrumb","itemListElement":[{"@type":"ListItem","position":1,"name":"Home","item":"https:\/\/easy-systems.eu\/fr\/"},{"@type":"ListItem","position":2,"name":"Secteurs"},{"@type":"ListItem","position":3,"name":"Industrie alimentaire"}]},{"@type":"WebSite","@id":"https:\/\/easy-systems.eu\/fr\/#website","url":"https:\/\/easy-systems.eu\/fr\/","name":"Easy Systems \u2013 a BOA Concept company","description":"Les flux logistiques et de production sont complexes. Les goulots d&#039;\u00e9tranglement co\u00fbtent du temps, de l&#039;argent et de l&#039;efficacit\u00e9.","publisher":{"@id":"https:\/\/easy-systems.eu\/fr\/#organization"},"potentialAction":[{"@type":"SearchAction","target":{"@type":"EntryPoint","urlTemplate":"https:\/\/easy-systems.eu\/fr\/?s={search_term_string}"},"query-input":{"@type":"PropertyValueSpecification","valueRequired":true,"valueName":"search_term_string"}}],"inLanguage":"fr-FR"},{"@type":"Organization","@id":"https:\/\/easy-systems.eu\/fr\/#organization","name":"Easy Systems \u2013 a BOA Concept company","url":"https:\/\/easy-systems.eu\/fr\/","logo":{"@type":"ImageObject","inLanguage":"fr-FR","@id":"https:\/\/easy-systems.eu\/fr\/#\/schema\/logo\/image\/","url":"https:\/\/easy-systems.eu\/wp-content\/uploads\/2023\/05\/logo.svg","contentUrl":"https:\/\/easy-systems.eu\/wp-content\/uploads\/2023\/05\/logo.svg","width":1,"height":1,"caption":"Easy Systems \u2013 a BOA Concept company"},"image":{"@id":"https:\/\/easy-systems.eu\/fr\/#\/schema\/logo\/image\/"}}]}},"_links":{"self":[{"href":"https:\/\/easy-systems.eu\/fr\/wp-json\/wp\/v2\/pages\/1739","targetHints":{"allow":["GET"]}}],"collection":[{"href":"https:\/\/easy-systems.eu\/fr\/wp-json\/wp\/v2\/pages"}],"about":[{"href":"https:\/\/easy-systems.eu\/fr\/wp-json\/wp\/v2\/types\/page"}],"author":[{"embeddable":true,"href":"https:\/\/easy-systems.eu\/fr\/wp-json\/wp\/v2\/users\/2"}],"replies":[{"embeddable":true,"href":"https:\/\/easy-systems.eu\/fr\/wp-json\/wp\/v2\/comments?post=1739"}],"version-history":[{"count":3,"href":"https:\/\/easy-systems.eu\/fr\/wp-json\/wp\/v2\/pages\/1739\/revisions"}],"predecessor-version":[{"id":6582,"href":"https:\/\/easy-systems.eu\/fr\/wp-json\/wp\/v2\/pages\/1739\/revisions\/6582"}],"up":[{"embeddable":true,"href":"https:\/\/easy-systems.eu\/fr\/wp-json\/wp\/v2\/pages\/1719"}],"wp:attachment":[{"href":"https:\/\/easy-systems.eu\/fr\/wp-json\/wp\/v2\/media?parent=1739"}],"wp:term":[{"taxonomy":"product_type","embeddable":true,"href":"https:\/\/easy-systems.eu\/fr\/wp-json\/wp\/v2\/product_type?post=1739"},{"taxonomy":"sector","embeddable":true,"href":"https:\/\/easy-systems.eu\/fr\/wp-json\/wp\/v2\/sector?post=1739"}],"curies":[{"name":"wp","href":"https:\/\/api.w.org\/{rel}","templated":true}]}}